{"id":34,"date":"2025-01-20T17:20:51","date_gmt":"2025-01-20T17:20:51","guid":{"rendered":"https:\/\/royalgardeneventos.com\/royal2\/?page_id=34"},"modified":"2025-09-08T17:31:44","modified_gmt":"2025-09-08T17:31:44","slug":"inicio","status":"publish","type":"page","link":"https:\/\/royalgardeneventos.com\/royal2\/","title":{"rendered":"Inicio"},"content":{"rendered":"\t\t<div data-elementor-type=\"wp-page\" data-elementor-id=\"34\" class=\"elementor elementor-34\">\n\t\t\t\t<div class=\"elementor-element elementor-element-022855f e-con-full e-flex e-con e-parent\" data-id=\"022855f\" data-element_type=\"container\" data-settings=\"{&quot;background_background&quot;:&quot;classic&quot;}\">\n\t\t\t\t<div class=\"elementor-element elementor-element-ece31b8 elementor-widget elementor-widget-heading\" data-id=\"ece31b8\" data-element_type=\"widget\" data-widget_type=\"heading.default\">\n\t\t\t\t<div class=\"elementor-widget-container\">\n\t\t\t\t\t<h2 class=\"elementor-heading-title elementor-size-default\">NUESTRO OBJETIVO<\/h2>\t\t\t\t<\/div>\n\t\t\t\t<\/div>\n\t\t\t\t<div class=\"elementor-element elementor-element-a1eaf1c elementor-widget elementor-widget-heading\" data-id=\"a1eaf1c\" data-element_type=\"widget\" data-widget_type=\"heading.default\">\n\t\t\t\t<div class=\"elementor-widget-container\">\n\t\t\t\t\t<h2 class=\"elementor-heading-title elementor-size-default\">QUE DISFRUTES A LO GRANDE DE TU EVENTO<\/h2>\t\t\t\t<\/div>\n\t\t\t\t<\/div>\n\t\t\t\t<\/div>\n\t\t<div class=\"elementor-element elementor-element-0648d23 e-flex e-con-boxed e-con e-parent\" data-id=\"0648d23\" data-element_type=\"container\">\n\t\t\t\t\t<div class=\"e-con-inner\">\n\t\t\t\t<div class=\"elementor-element elementor-element-c6bdf26 elementor-widget elementor-widget-spacer\" data-id=\"c6bdf26\" data-element_type=\"widget\" data-widget_type=\"spacer.default\">\n\t\t\t\t<div class=\"elementor-widget-container\">\n\t\t\t\t\t\t\t<div class=\"elementor-spacer\">\n\t\t\t<div class=\"elementor-spacer-inner\"><\/div>\n\t\t<\/div>\n\t\t\t\t\t\t<\/div>\n\t\t\t\t<\/div>\n\t\t\t\t<div class=\"elementor-element elementor-element-ebeed9b elementor-widget elementor-widget-heading\" data-id=\"ebeed9b\" data-element_type=\"widget\" data-widget_type=\"heading.default\">\n\t\t\t\t<div class=\"elementor-widget-container\">\n\t\t\t\t\t<h2 class=\"elementor-heading-title elementor-size-default\">\u00a1Con\u00f3cenos!<\/h2>\t\t\t\t<\/div>\n\t\t\t\t<\/div>\n\t\t\t\t<div class=\"elementor-element elementor-element-0be0222 elementor-widget elementor-widget-text-editor\" data-id=\"0be0222\" data-element_type=\"widget\" data-widget_type=\"text-editor.default\">\n\t\t\t\t<div class=\"elementor-widget-container\">\n\t\t\t\t\t\t\t\t\t<p>Eventos Royal Garden es un espacio asignado para llevar a cambo tu evento social, con ese toque m\u00e1gico y especial que nosotros podemos ortogarte.<\/p><p>Estamos abiertos a realizar todo tipo de celebraciones, encarg\u00e1ndonos tambi\u00e9n de la preparaci\u00f3n para que salga perfecto.\u00a0\u00a0<\/p>\t\t\t\t\t\t\t\t<\/div>\n\t\t\t\t<\/div>\n\t\t\t\t<div class=\"elementor-element elementor-element-3f5228f elementor-align-center elementor-widget elementor-widget-button\" data-id=\"3f5228f\" data-element_type=\"widget\" data-widget_type=\"button.default\">\n\t\t\t\t<div class=\"elementor-widget-container\">\n\t\t\t\t\t\t\t\t\t<div class=\"elementor-button-wrapper\">\n\t\t\t\t\t<a class=\"elementor-button elementor-button-link elementor-size-sm\" href=\"https:\/\/royalgardeneventos.com\/royal2\/index.php\/quienes-somos\/\">\n\t\t\t\t\t\t<span class=\"elementor-button-content-wrapper\">\n\t\t\t\t\t\t\t\t\t<span class=\"elementor-button-text\">\u00a1Descubre m\u00e1s!<\/span>\n\t\t\t\t\t<\/span>\n\t\t\t\t\t<\/a>\n\t\t\t\t<\/div>\n\t\t\t\t\t\t\t\t<\/div>\n\t\t\t\t<\/div>\n\t\t\t\t\t<\/div>\n\t\t\t\t<\/div>\n\t\t<div class=\"elementor-element elementor-element-4bc90ee e-grid e-con-full e-con e-parent\" data-id=\"4bc90ee\" data-element_type=\"container\">\n\t\t\t\t<div class=\"elementor-element elementor-element-c6b0f37 elementor-widget elementor-widget-image\" data-id=\"c6b0f37\" data-element_type=\"widget\" data-widget_type=\"image.default\">\n\t\t\t\t<div class=\"elementor-widget-container\">\n\t\t\t\t\t\t\t\t\t\t\t\t\t\t\t<img fetchpriority=\"high\" decoding=\"async\" width=\"1600\" height=\"1068\" src=\"https:\/\/royalgardeneventos.com\/royal2\/wp-content\/uploads\/2025\/09\/20250208_190130-01.jpg\" class=\"attachment-full size-full wp-image-624\" alt=\"\" srcset=\"https:\/\/royalgardeneventos.com\/royal2\/wp-content\/uploads\/2025\/09\/20250208_190130-01.jpg 1600w, https:\/\/royalgardeneventos.com\/royal2\/wp-content\/uploads\/2025\/09\/20250208_190130-01-300x200.jpg 300w, https:\/\/royalgardeneventos.com\/royal2\/wp-content\/uploads\/2025\/09\/20250208_190130-01-1024x684.jpg 1024w, https:\/\/royalgardeneventos.com\/royal2\/wp-content\/uploads\/2025\/09\/20250208_190130-01-768x513.jpg 768w, https:\/\/royalgardeneventos.com\/royal2\/wp-content\/uploads\/2025\/09\/20250208_190130-01-1536x1025.jpg 1536w, https:\/\/royalgardeneventos.com\/royal2\/wp-content\/uploads\/2025\/09\/20250208_190130-01-1000x668.jpg 1000w, https:\/\/royalgardeneventos.com\/royal2\/wp-content\/uploads\/2025\/09\/20250208_190130-01-230x154.jpg 230w, https:\/\/royalgardeneventos.com\/royal2\/wp-content\/uploads\/2025\/09\/20250208_190130-01-350x234.jpg 350w, https:\/\/royalgardeneventos.com\/royal2\/wp-content\/uploads\/2025\/09\/20250208_190130-01-480x320.jpg 480w, https:\/\/royalgardeneventos.com\/royal2\/wp-content\/uploads\/2025\/09\/20250208_190130-01-272x182.jpg 272w\" sizes=\"(max-width: 1600px) 100vw, 1600px\" \/>\t\t\t\t\t\t\t\t\t\t\t\t\t\t\t<\/div>\n\t\t\t\t<\/div>\n\t\t\t\t<div class=\"elementor-element elementor-element-52b2f8b elementor-widget elementor-widget-image\" data-id=\"52b2f8b\" data-element_type=\"widget\" data-widget_type=\"image.default\">\n\t\t\t\t<div class=\"elementor-widget-container\">\n\t\t\t\t\t\t\t\t\t\t\t\t\t\t\t<img decoding=\"async\" width=\"1600\" height=\"1068\" src=\"https:\/\/royalgardeneventos.com\/royal2\/wp-content\/uploads\/2025\/09\/IMG-20241012-01.jpg\" class=\"attachment-full size-full wp-image-586\" alt=\"\" srcset=\"https:\/\/royalgardeneventos.com\/royal2\/wp-content\/uploads\/2025\/09\/IMG-20241012-01.jpg 1600w, https:\/\/royalgardeneventos.com\/royal2\/wp-content\/uploads\/2025\/09\/IMG-20241012-01-300x200.jpg 300w, https:\/\/royalgardeneventos.com\/royal2\/wp-content\/uploads\/2025\/09\/IMG-20241012-01-1024x684.jpg 1024w, https:\/\/royalgardeneventos.com\/royal2\/wp-content\/uploads\/2025\/09\/IMG-20241012-01-768x513.jpg 768w, https:\/\/royalgardeneventos.com\/royal2\/wp-content\/uploads\/2025\/09\/IMG-20241012-01-1536x1025.jpg 1536w, https:\/\/royalgardeneventos.com\/royal2\/wp-content\/uploads\/2025\/09\/IMG-20241012-01-1000x668.jpg 1000w, https:\/\/royalgardeneventos.com\/royal2\/wp-content\/uploads\/2025\/09\/IMG-20241012-01-230x154.jpg 230w, https:\/\/royalgardeneventos.com\/royal2\/wp-content\/uploads\/2025\/09\/IMG-20241012-01-350x234.jpg 350w, https:\/\/royalgardeneventos.com\/royal2\/wp-content\/uploads\/2025\/09\/IMG-20241012-01-480x320.jpg 480w, https:\/\/royalgardeneventos.com\/royal2\/wp-content\/uploads\/2025\/09\/IMG-20241012-01-272x182.jpg 272w\" sizes=\"(max-width: 1600px) 100vw, 1600px\" \/>\t\t\t\t\t\t\t\t\t\t\t\t\t\t\t<\/div>\n\t\t\t\t<\/div>\n\t\t\t\t<div class=\"elementor-element elementor-element-d7f604c elementor-widget elementor-widget-image\" data-id=\"d7f604c\" data-element_type=\"widget\" data-widget_type=\"image.default\">\n\t\t\t\t<div class=\"elementor-widget-container\">\n\t\t\t\t\t\t\t\t\t\t\t\t\t\t\t<img decoding=\"async\" width=\"1600\" height=\"1068\" src=\"https:\/\/royalgardeneventos.com\/royal2\/wp-content\/uploads\/2025\/09\/FB_IMG_175692-01.jpg\" class=\"attachment-full size-full wp-image-625\" alt=\"\" srcset=\"https:\/\/royalgardeneventos.com\/royal2\/wp-content\/uploads\/2025\/09\/FB_IMG_175692-01.jpg 1600w, https:\/\/royalgardeneventos.com\/royal2\/wp-content\/uploads\/2025\/09\/FB_IMG_175692-01-300x200.jpg 300w, https:\/\/royalgardeneventos.com\/royal2\/wp-content\/uploads\/2025\/09\/FB_IMG_175692-01-1024x684.jpg 1024w, https:\/\/royalgardeneventos.com\/royal2\/wp-content\/uploads\/2025\/09\/FB_IMG_175692-01-768x513.jpg 768w, https:\/\/royalgardeneventos.com\/royal2\/wp-content\/uploads\/2025\/09\/FB_IMG_175692-01-1536x1025.jpg 1536w, https:\/\/royalgardeneventos.com\/royal2\/wp-content\/uploads\/2025\/09\/FB_IMG_175692-01-1000x668.jpg 1000w, https:\/\/royalgardeneventos.com\/royal2\/wp-content\/uploads\/2025\/09\/FB_IMG_175692-01-230x154.jpg 230w, https:\/\/royalgardeneventos.com\/royal2\/wp-content\/uploads\/2025\/09\/FB_IMG_175692-01-350x234.jpg 350w, https:\/\/royalgardeneventos.com\/royal2\/wp-content\/uploads\/2025\/09\/FB_IMG_175692-01-480x320.jpg 480w, https:\/\/royalgardeneventos.com\/royal2\/wp-content\/uploads\/2025\/09\/FB_IMG_175692-01-272x182.jpg 272w\" sizes=\"(max-width: 1600px) 100vw, 1600px\" \/>\t\t\t\t\t\t\t\t\t\t\t\t\t\t\t<\/div>\n\t\t\t\t<\/div>\n\t\t\t\t<\/div>\n\t\t<div class=\"elementor-element elementor-element-aa3b7cc e-con-full e-flex e-con e-parent\" data-id=\"aa3b7cc\" data-element_type=\"container\" data-settings=\"{&quot;background_background&quot;:&quot;classic&quot;}\">\n\t\t\t\t<div class=\"elementor-element elementor-element-3c843a2 elementor-widget elementor-widget-heading\" data-id=\"3c843a2\" data-element_type=\"widget\" data-widget_type=\"heading.default\">\n\t\t\t\t<div class=\"elementor-widget-container\">\n\t\t\t\t\t<h2 class=\"elementor-heading-title elementor-size-default\">\u00a1Escoge y Disfruta!<\/h2>\t\t\t\t<\/div>\n\t\t\t\t<\/div>\n\t\t\t\t<div class=\"elementor-element elementor-element-96204c7 elementor-widget elementor-widget-text-editor\" data-id=\"96204c7\" data-element_type=\"widget\" data-widget_type=\"text-editor.default\">\n\t\t\t\t<div class=\"elementor-widget-container\">\n\t\t\t\t\t\t\t\t\t<p>Royal Garden cuenta con varios paquetes que se ajustan a tus necesidades y presupuesto para tus eventos.<\/p>\t\t\t\t\t\t\t\t<\/div>\n\t\t\t\t<\/div>\n\t\t\t\t<div class=\"elementor-element elementor-element-f5ae8c0 elementor-align-center elementor-widget elementor-widget-button\" data-id=\"f5ae8c0\" data-element_type=\"widget\" data-widget_type=\"button.default\">\n\t\t\t\t<div class=\"elementor-widget-container\">\n\t\t\t\t\t\t\t\t\t<div class=\"elementor-button-wrapper\">\n\t\t\t\t\t<a class=\"elementor-button elementor-button-link elementor-size-sm\" href=\"https:\/\/royalgardeneventos.com\/royal2\/index.php\/paquetes\/\">\n\t\t\t\t\t\t<span class=\"elementor-button-content-wrapper\">\n\t\t\t\t\t\t\t\t\t<span class=\"elementor-button-text\">\u00a1Da click aqu\u00ed!<\/span>\n\t\t\t\t\t<\/span>\n\t\t\t\t\t<\/a>\n\t\t\t\t<\/div>\n\t\t\t\t\t\t\t\t<\/div>\n\t\t\t\t<\/div>\n\t\t\t\t<\/div>\n\t\t<div class=\"elementor-element elementor-element-1313ff3 e-flex e-con-boxed e-con e-parent\" data-id=\"1313ff3\" data-element_type=\"container\">\n\t\t\t\t\t<div class=\"e-con-inner\">\n\t\t\t\t<div class=\"elementor-element elementor-element-8b9e0f1 elementor-widget elementor-widget-spacer\" data-id=\"8b9e0f1\" data-element_type=\"widget\" data-widget_type=\"spacer.default\">\n\t\t\t\t<div class=\"elementor-widget-container\">\n\t\t\t\t\t\t\t<div class=\"elementor-spacer\">\n\t\t\t<div class=\"elementor-spacer-inner\"><\/div>\n\t\t<\/div>\n\t\t\t\t\t\t<\/div>\n\t\t\t\t<\/div>\n\t\t\t\t<div class=\"elementor-element elementor-element-a28385b elementor-widget elementor-widget-heading\" data-id=\"a28385b\" data-element_type=\"widget\" data-widget_type=\"heading.default\">\n\t\t\t\t<div class=\"elementor-widget-container\">\n\t\t\t\t\t<h2 class=\"elementor-heading-title elementor-size-default\">\u00a1TU EVENTO EN UNA GRAN GALA M\u00c1GICA!<\/h2>\t\t\t\t<\/div>\n\t\t\t\t<\/div>\n\t\t\t\t<div class=\"elementor-element elementor-element-a85013a elementor-widget elementor-widget-video\" data-id=\"a85013a\" data-element_type=\"widget\" data-settings=\"{&quot;youtube_url&quot;:&quot;https:\\\/\\\/www.youtube.com\\\/watch?v=0AhccHrjhcw&quot;,&quot;video_type&quot;:&quot;youtube&quot;,&quot;controls&quot;:&quot;yes&quot;}\" data-widget_type=\"video.default\">\n\t\t\t\t<div class=\"elementor-widget-container\">\n\t\t\t\t\t\t\t<div class=\"elementor-wrapper elementor-open-inline\">\n\t\t\t<div class=\"elementor-video\"><\/div>\t\t<\/div>\n\t\t\t\t\t\t<\/div>\n\t\t\t\t<\/div>\n\t\t\t\t\t<\/div>\n\t\t\t\t<\/div>\n\t\t<div class=\"elementor-element elementor-element-221b8a2 e-flex e-con-boxed e-con e-parent\" data-id=\"221b8a2\" data-element_type=\"container\">\n\t\t\t\t\t<div class=\"e-con-inner\">\n\t\t\t\t<div class=\"elementor-element elementor-element-6a22173 elementor-widget elementor-widget-heading\" data-id=\"6a22173\" data-element_type=\"widget\" data-widget_type=\"heading.default\">\n\t\t\t\t<div class=\"elementor-widget-container\">\n\t\t\t\t\t<h2 class=\"elementor-heading-title elementor-size-default\">\u00a1Reserva una fecha ahora!<\/h2>\t\t\t\t<\/div>\n\t\t\t\t<\/div>\n\t\t\t\t<div class=\"elementor-element elementor-element-c2ccae1 elementor-align-center elementor-widget elementor-widget-button\" data-id=\"c2ccae1\" data-element_type=\"widget\" data-widget_type=\"button.default\">\n\t\t\t\t<div class=\"elementor-widget-container\">\n\t\t\t\t\t\t\t\t\t<div class=\"elementor-button-wrapper\">\n\t\t\t\t\t<a class=\"elementor-button elementor-button-link elementor-size-sm\" href=\"https:\/\/royalgardeneventos.com\/royal2\/index.php\/contacto\/\">\n\t\t\t\t\t\t<span class=\"elementor-button-content-wrapper\">\n\t\t\t\t\t\t\t\t\t<span class=\"elementor-button-text\">\u00a1Cont\u00e1ctanos!<\/span>\n\t\t\t\t\t<\/span>\n\t\t\t\t\t<\/a>\n\t\t\t\t<\/div>\n\t\t\t\t\t\t\t\t<\/div>\n\t\t\t\t<\/div>\n\t\t\t\t\t<\/div>\n\t\t\t\t<\/div>\n\t\t<div class=\"elementor-element elementor-element-0f7b6ef e-con-full e-flex e-con e-parent\" data-id=\"0f7b6ef\" data-element_type=\"container\">\n\t\t<div class=\"elementor-element elementor-element-9e80e74 e-con-full e-flex e-con e-child\" data-id=\"9e80e74\" data-element_type=\"container\">\n\t\t\t\t<div class=\"elementor-element elementor-element-a3a1cd7 elementor-widget elementor-widget-image\" data-id=\"a3a1cd7\" data-element_type=\"widget\" data-widget_type=\"image.default\">\n\t\t\t\t<div class=\"elementor-widget-container\">\n\t\t\t\t\t\t\t\t\t\t\t\t\t\t\t<img loading=\"lazy\" decoding=\"async\" width=\"1600\" height=\"1068\" src=\"https:\/\/royalgardeneventos.com\/royal2\/wp-content\/uploads\/2025\/01\/DSC05888.jpg\" class=\"attachment-full size-full wp-image-209\" alt=\"\" srcset=\"https:\/\/royalgardeneventos.com\/royal2\/wp-content\/uploads\/2025\/01\/DSC05888.jpg 1600w, https:\/\/royalgardeneventos.com\/royal2\/wp-content\/uploads\/2025\/01\/DSC05888-300x200.jpg 300w, https:\/\/royalgardeneventos.com\/royal2\/wp-content\/uploads\/2025\/01\/DSC05888-1024x684.jpg 1024w, https:\/\/royalgardeneventos.com\/royal2\/wp-content\/uploads\/2025\/01\/DSC05888-768x513.jpg 768w, https:\/\/royalgardeneventos.com\/royal2\/wp-content\/uploads\/2025\/01\/DSC05888-1536x1025.jpg 1536w, https:\/\/royalgardeneventos.com\/royal2\/wp-content\/uploads\/2025\/01\/DSC05888-1000x668.jpg 1000w, https:\/\/royalgardeneventos.com\/royal2\/wp-content\/uploads\/2025\/01\/DSC05888-230x154.jpg 230w, https:\/\/royalgardeneventos.com\/royal2\/wp-content\/uploads\/2025\/01\/DSC05888-350x234.jpg 350w, https:\/\/royalgardeneventos.com\/royal2\/wp-content\/uploads\/2025\/01\/DSC05888-480x320.jpg 480w, https:\/\/royalgardeneventos.com\/royal2\/wp-content\/uploads\/2025\/01\/DSC05888-272x182.jpg 272w\" sizes=\"(max-width: 1600px) 100vw, 1600px\" \/>\t\t\t\t\t\t\t\t\t\t\t\t\t\t\t<\/div>\n\t\t\t\t<\/div>\n\t\t\t\t<\/div>\n\t\t<div class=\"elementor-element elementor-element-213d2d6 e-con-full e-flex e-con e-child\" data-id=\"213d2d6\" data-element_type=\"container\">\n\t\t\t\t<div class=\"elementor-element elementor-element-860008e elementor-widget elementor-widget-image\" data-id=\"860008e\" data-element_type=\"widget\" data-widget_type=\"image.default\">\n\t\t\t\t<div class=\"elementor-widget-container\">\n\t\t\t\t\t\t\t\t\t\t\t\t\t\t\t<img loading=\"lazy\" decoding=\"async\" width=\"1600\" height=\"1068\" src=\"https:\/\/royalgardeneventos.com\/royal2\/wp-content\/uploads\/2025\/01\/DSC04938-ok.jpg\" class=\"attachment-full size-full wp-image-210\" alt=\"\" srcset=\"https:\/\/royalgardeneventos.com\/royal2\/wp-content\/uploads\/2025\/01\/DSC04938-ok.jpg 1600w, https:\/\/royalgardeneventos.com\/royal2\/wp-content\/uploads\/2025\/01\/DSC04938-ok-300x200.jpg 300w, https:\/\/royalgardeneventos.com\/royal2\/wp-content\/uploads\/2025\/01\/DSC04938-ok-1024x684.jpg 1024w, https:\/\/royalgardeneventos.com\/royal2\/wp-content\/uploads\/2025\/01\/DSC04938-ok-768x513.jpg 768w, https:\/\/royalgardeneventos.com\/royal2\/wp-content\/uploads\/2025\/01\/DSC04938-ok-1536x1025.jpg 1536w, https:\/\/royalgardeneventos.com\/royal2\/wp-content\/uploads\/2025\/01\/DSC04938-ok-1000x668.jpg 1000w, https:\/\/royalgardeneventos.com\/royal2\/wp-content\/uploads\/2025\/01\/DSC04938-ok-230x154.jpg 230w, https:\/\/royalgardeneventos.com\/royal2\/wp-content\/uploads\/2025\/01\/DSC04938-ok-350x234.jpg 350w, https:\/\/royalgardeneventos.com\/royal2\/wp-content\/uploads\/2025\/01\/DSC04938-ok-480x320.jpg 480w, https:\/\/royalgardeneventos.com\/royal2\/wp-content\/uploads\/2025\/01\/DSC04938-ok-272x182.jpg 272w\" sizes=\"(max-width: 1600px) 100vw, 1600px\" \/>\t\t\t\t\t\t\t\t\t\t\t\t\t\t\t<\/div>\n\t\t\t\t<\/div>\n\t\t\t\t<\/div>\n\t\t<div class=\"elementor-element elementor-element-91f6885 e-con-full e-flex e-con e-child\" data-id=\"91f6885\" data-element_type=\"container\">\n\t\t\t\t<div class=\"elementor-element elementor-element-739ff9e elementor-widget elementor-widget-image\" data-id=\"739ff9e\" data-element_type=\"widget\" data-widget_type=\"image.default\">\n\t\t\t\t<div class=\"elementor-widget-container\">\n\t\t\t\t\t\t\t\t\t\t\t\t\t\t\t<img loading=\"lazy\" decoding=\"async\" width=\"1600\" height=\"1068\" src=\"https:\/\/royalgardeneventos.com\/royal2\/wp-content\/uploads\/2025\/01\/F-DSC05773.jpg\" class=\"attachment-full size-full wp-image-215\" alt=\"\" srcset=\"https:\/\/royalgardeneventos.com\/royal2\/wp-content\/uploads\/2025\/01\/F-DSC05773.jpg 1600w, https:\/\/royalgardeneventos.com\/royal2\/wp-content\/uploads\/2025\/01\/F-DSC05773-300x200.jpg 300w, https:\/\/royalgardeneventos.com\/royal2\/wp-content\/uploads\/2025\/01\/F-DSC05773-1024x684.jpg 1024w, https:\/\/royalgardeneventos.com\/royal2\/wp-content\/uploads\/2025\/01\/F-DSC05773-768x513.jpg 768w, https:\/\/royalgardeneventos.com\/royal2\/wp-content\/uploads\/2025\/01\/F-DSC05773-1536x1025.jpg 1536w, https:\/\/royalgardeneventos.com\/royal2\/wp-content\/uploads\/2025\/01\/F-DSC05773-1000x668.jpg 1000w, https:\/\/royalgardeneventos.com\/royal2\/wp-content\/uploads\/2025\/01\/F-DSC05773-230x154.jpg 230w, https:\/\/royalgardeneventos.com\/royal2\/wp-content\/uploads\/2025\/01\/F-DSC05773-350x234.jpg 350w, https:\/\/royalgardeneventos.com\/royal2\/wp-content\/uploads\/2025\/01\/F-DSC05773-480x320.jpg 480w, https:\/\/royalgardeneventos.com\/royal2\/wp-content\/uploads\/2025\/01\/F-DSC05773-272x182.jpg 272w\" sizes=\"(max-width: 1600px) 100vw, 1600px\" \/>\t\t\t\t\t\t\t\t\t\t\t\t\t\t\t<\/div>\n\t\t\t\t<\/div>\n\t\t\t\t<\/div>\n\t\t<div class=\"elementor-element elementor-element-cd9ec2f e-con-full e-flex e-con e-child\" data-id=\"cd9ec2f\" data-element_type=\"container\">\n\t\t\t\t<div class=\"elementor-element elementor-element-72f200d elementor-widget elementor-widget-image\" data-id=\"72f200d\" data-element_type=\"widget\" data-widget_type=\"image.default\">\n\t\t\t\t<div class=\"elementor-widget-container\">\n\t\t\t\t\t\t\t\t\t\t\t\t\t\t\t<img loading=\"lazy\" decoding=\"async\" width=\"1600\" height=\"1068\" src=\"https:\/\/royalgardeneventos.com\/royal2\/wp-content\/uploads\/2025\/09\/IMG-20250321-01.jpg\" class=\"attachment-full size-full wp-image-587\" alt=\"\" srcset=\"https:\/\/royalgardeneventos.com\/royal2\/wp-content\/uploads\/2025\/09\/IMG-20250321-01.jpg 1600w, https:\/\/royalgardeneventos.com\/royal2\/wp-content\/uploads\/2025\/09\/IMG-20250321-01-300x200.jpg 300w, https:\/\/royalgardeneventos.com\/royal2\/wp-content\/uploads\/2025\/09\/IMG-20250321-01-1024x684.jpg 1024w, https:\/\/royalgardeneventos.com\/royal2\/wp-content\/uploads\/2025\/09\/IMG-20250321-01-768x513.jpg 768w, https:\/\/royalgardeneventos.com\/royal2\/wp-content\/uploads\/2025\/09\/IMG-20250321-01-1536x1025.jpg 1536w, https:\/\/royalgardeneventos.com\/royal2\/wp-content\/uploads\/2025\/09\/IMG-20250321-01-1000x668.jpg 1000w, https:\/\/royalgardeneventos.com\/royal2\/wp-content\/uploads\/2025\/09\/IMG-20250321-01-230x154.jpg 230w, https:\/\/royalgardeneventos.com\/royal2\/wp-content\/uploads\/2025\/09\/IMG-20250321-01-350x234.jpg 350w, https:\/\/royalgardeneventos.com\/royal2\/wp-content\/uploads\/2025\/09\/IMG-20250321-01-480x320.jpg 480w, https:\/\/royalgardeneventos.com\/royal2\/wp-content\/uploads\/2025\/09\/IMG-20250321-01-272x182.jpg 272w\" sizes=\"(max-width: 1600px) 100vw, 1600px\" \/>\t\t\t\t\t\t\t\t\t\t\t\t\t\t\t<\/div>\n\t\t\t\t<\/div>\n\t\t\t\t<\/div>\n\t\t\t\t<\/div>\n\t\t<div class=\"elementor-element elementor-element-e780e2d e-flex e-con-boxed e-con e-parent\" data-id=\"e780e2d\" data-element_type=\"container\">\n\t\t\t\t\t<div class=\"e-con-inner\">\n\t\t\t\t<div class=\"elementor-element elementor-element-3bee759 elementor-widget elementor-widget-spacer\" data-id=\"3bee759\" data-element_type=\"widget\" data-widget_type=\"spacer.default\">\n\t\t\t\t<div class=\"elementor-widget-container\">\n\t\t\t\t\t\t\t<div class=\"elementor-spacer\">\n\t\t\t<div class=\"elementor-spacer-inner\"><\/div>\n\t\t<\/div>\n\t\t\t\t\t\t<\/div>\n\t\t\t\t<\/div>\n\t\t\t\t\t<\/div>\n\t\t\t\t<\/div>\n\t\t\t\t<\/div>\n\t\t","protected":false},"excerpt":{"rendered":"<p>NUESTRO OBJETIVO QUE DISFRUTES A LO GRANDE DE TU EVENTO \u00a1Con\u00f3cenos! Eventos Royal Garden es un espacio asignado para llevar a cambo [&hellip;]<\/p>\n","protected":false},"author":1,"featured_media":0,"parent":0,"menu_order":0,"comment_status":"closed","ping_status":"closed","template":"page-templates\/page_front-page.php","meta":{"footnotes":""},"class_list":["post-34","page","type-page","status-publish","hentry"],"_links":{"self":[{"href":"https:\/\/royalgardeneventos.com\/royal2\/index.php\/wp-json\/wp\/v2\/pages\/34","targetHints":{"allow":["GET"]}}],"collection":[{"href":"https:\/\/royalgardeneventos.com\/royal2\/index.php\/wp-json\/wp\/v2\/pages"}],"about":[{"href":"https:\/\/royalgardeneventos.com\/royal2\/index.php\/wp-json\/wp\/v2\/types\/page"}],"author":[{"embeddable":true,"href":"https:\/\/royalgardeneventos.com\/royal2\/index.php\/wp-json\/wp\/v2\/users\/1"}],"replies":[{"embeddable":true,"href":"https:\/\/royalgardeneventos.com\/royal2\/index.php\/wp-json\/wp\/v2\/comments?post=34"}],"version-history":[{"count":61,"href":"https:\/\/royalgardeneventos.com\/royal2\/index.php\/wp-json\/wp\/v2\/pages\/34\/revisions"}],"predecessor-version":[{"id":629,"href":"https:\/\/royalgardeneventos.com\/royal2\/index.php\/wp-json\/wp\/v2\/pages\/34\/revisions\/629"}],"wp:attachment":[{"href":"https:\/\/royalgardeneventos.com\/royal2\/index.php\/wp-json\/wp\/v2\/media?parent=34"}],"curies":[{"name":"wp","href":"https:\/\/api.w.org\/{rel}","templated":true}]}}